{"id":19,"date":"2016-11-30T14:26:08","date_gmt":"2016-11-30T14:26:08","guid":{"rendered":"http:\/\/www.santaana.gob.ar\/blog\/?page_id=19"},"modified":"2016-11-30T14:30:20","modified_gmt":"2016-11-30T14:30:20","slug":"consultas","status":"publish","type":"page","link":"https:\/\/www.santaana.gob.ar\/home\/consultas\/","title":{"rendered":"Consultas"},"content":{"rendered":"<p>Deje su consulta online y en breve responderemos. O bien comun\u00edquese a la lineas que figuran al pie de la p\u00e1gina<br \/>\nGRACIAS<\/p>\n<form class=\"wpcf7-form\" action=\"http:\/\/www.carlosacosta.esy.es\/enviamundo.php\" method=\"post\" novalidate=\"novalidate\">Nombre (requerido)<br \/>\n<span class=\"wpcf7-form-control-wrap your-name\"><input id=\"name\" class=\"#\" name=\"name\" size=\"40\" type=\"text\" value=\"\" \/><\/span><\/p>\n<p>Correo electr\u00f3nico (requerido)<br \/>\n<span class=\"wpcf7-form-control-wrap your-email\"><input id=\"email\" class=\"#\" name=\"email\" size=\"40\" type=\"email\" value=\"\" \/><\/span><\/p>\n<p>Asunto<br \/>\n<span class=\"wpcf7-form-control-wrap your-subject\"><input id=\"subject\" class=\"#\" name=\"subject\" size=\"40\" type=\"text\" value=\"\" \/><\/span><\/p>\n<p>Mensaje<br \/>\n<span class=\"wpcf7-form-control-wrap your-message\"><textarea id=\"message\" class=\"#\" cols=\"40\" name=\"message\" rows=\"10\"><\/textarea><\/span><\/p>\n<p><input class=\"wpcf7-form-control wpcf7-submit\" type=\"submit\" value=\"Enviar\" \/><\/p>\n<div class=\"wpcf7-response-output wpcf7-display-none\"><\/div>\n<\/form>\n","protected":false},"excerpt":{"rendered":"<p>Deje su consulta online y en breve responderemos. O bien comun\u00edquese a la lineas que figuran al pie de la p\u00e1gina GRACIAS Nombre (requerido) Correo electr\u00f3nico (requerido) Asunto Mensaje<\/p>\n","protected":false},"author":1,"featured_media":0,"parent":0,"menu_order":6,"comment_status":"closed","ping_status":"closed","template":"","meta":{"footnotes":""},"class_list":["post-19","page","type-page","status-publish","hentry"],"_links":{"self":[{"href":"https:\/\/www.santaana.gob.ar\/home\/wp-json\/wp\/v2\/pages\/19","targetHints":{"allow":["GET"]}}],"collection":[{"href":"https:\/\/www.santaana.gob.ar\/home\/wp-json\/wp\/v2\/pages"}],"about":[{"href":"https:\/\/www.santaana.gob.ar\/home\/wp-json\/wp\/v2\/types\/page"}],"author":[{"embeddable":true,"href":"https:\/\/www.santaana.gob.ar\/home\/wp-json\/wp\/v2\/users\/1"}],"replies":[{"embeddable":true,"href":"https:\/\/www.santaana.gob.ar\/home\/wp-json\/wp\/v2\/comments?post=19"}],"version-history":[{"count":4,"href":"https:\/\/www.santaana.gob.ar\/home\/wp-json\/wp\/v2\/pages\/19\/revisions"}],"predecessor-version":[{"id":23,"href":"https:\/\/www.santaana.gob.ar\/home\/wp-json\/wp\/v2\/pages\/19\/revisions\/23"}],"wp:attachment":[{"href":"https:\/\/www.santaana.gob.ar\/home\/wp-json\/wp\/v2\/media?parent=19"}],"curies":[{"name":"wp","href":"https:\/\/api.w.org\/{rel}","templated":true}]}}