{"id":12,"date":"2016-11-30T14:17:59","date_gmt":"2016-11-30T14:17:59","guid":{"rendered":"http:\/\/www.santaana.gob.ar\/blog\/?page_id=12"},"modified":"2016-11-30T14:17:59","modified_gmt":"2016-11-30T14:17:59","slug":"ciudad","status":"publish","type":"page","link":"https:\/\/www.santaana.gob.ar\/home\/ciudad\/","title":{"rendered":"Ciudad"},"content":{"rendered":"<p><strong>Nuestra Ciudad<\/strong><br \/>\nLa comunidad de Santa Ana se encuentra ubicada al noreste de la provincia de Entre R\u00edos, en el Departamento Federaci\u00f3n. Sobre la Ruta Nacional N\u00ba 2.<br \/>\nSituada en un entorno regional privilegiado, su colorido natural y sus extensiones productivas conforman uno de los atractivos tur\u00edsticos destacados dentro del corredor del R\u00edo Uruguay. Conformando as\u00ed, junto con otras localidades, uno de los exponente tur\u00edsticos mas destacados del Norte de Entre R\u00edos y Sur de Corrientes \u201cEl Corredor del Peri-lago\u201d. Que en toda su extensi\u00f3n presenta una importante red de servicios jerarquizados y equilibrados dentro del entorno de la industria del turismo.<br \/>\nEl ejido urbano de la ciudad de Santa Ana nos presenta una planta urbana de 35 has de superficie. Mientras que la zona de colonia comprende una superficie de 1044.<br \/>\nSu extensa zona de colonia, como as\u00ed tambi\u00e9n el relieve, de suelo arenosos, hace posible la gran producci\u00f3n agr\u00edcola, caracter\u00edstica relevante de su econom\u00eda. El sistema productivo de esta regi\u00f3n se caracteriza por la combinaci\u00f3n de diversas actividades agropecuarias, donde se destacan la fruticultura, ganader\u00eda, pasturas y la forestaci\u00f3n. En un circuito productivo que incluye eslavos agro-industriales (aserraderos, galpones de empaque, elaboraci\u00f3n de embutidos).En la ganader\u00eda sobresale el ganado bovino, en la agricultura encontramos en primer t\u00e9rmino la producci\u00f3n c\u00edtrica, la principal fuente de ingreso del 60 % de la poblaci\u00f3n.<br \/>\nEl clima templado c\u00e1lido, sub tropical sin estaci\u00f3n seca, con temperaturas promedios que oscilan entre los 16 y 35 grados en verano y 2 y 16 grados en invierno. Las mayores lluvias se dan en las estaciones m\u00e1s c\u00e1lidas, primavera y verano, con un registro anual de 1000 a 1200 mil\u00edmetros.<\/p>\n<p><strong>Atractivos Naturales<\/strong><br \/>\nEl colorido natural de esta regi\u00f3n del pa\u00eds, rico en su esquemas productivo, y destacados por una geograf\u00eda privilegiada. Nos muestra un paisaje de llanuras, formada por lomadas y ondulaciones, de suelo arenosos. Lo cual se convierte en la combinaci\u00f3n necesaria para la producci\u00f3n de citrus, madera y ganader\u00eda. Con un clima sub-tropical c\u00e1lido, estas tierras se convierten en el lugar propicio y encantador, por su bello paisaje y le imagen particular que le brinda el imponente lago de Salto Grande, y sus arroyos: Sauce, Santa Ana, y Mandisovi chico.<br \/>\nRodeada por el Lago Salto Grande, lago artificial resultado de la construcci\u00f3n de la Represa Hidroel\u00e9ctrica Salto Grande, este corredor forma una de los espejos de aguas m\u00e1s importantes del pa\u00eds, con las playas de arenas blancas y aguas limpias m\u00e1s cautivantes de nuestroR\u00edo Uruguay.<br \/>\nLa hidrograf\u00eda particular de Santa Ana y regi\u00f3n permite que, sus atractivos naturales hagan del turismo una de las industria m\u00e1s prosperas y progresivas del sector.<br \/>\nQuienes nos visitan puede disfrutar de un amplio abanico de propuestas tur\u00edsticas que van desde un recorrido por todo los campos de producci\u00f3n, turismo rural y de estancias, y por supuestos los espl\u00e9ndidos camping y playas. Sumado al rico historial de la ciudad.<\/p>\n<p><img decoding=\"async\" src=\"http:\/\/www.santaana.gob.ar\/mapa1.jpg\" \/><\/p>\n","protected":false},"excerpt":{"rendered":"<p>Nuestra Ciudad La comunidad de Santa Ana se encuentra ubicada al noreste de la provincia de Entre R\u00edos, en el Departamento Federaci\u00f3n. Sobre la Ruta Nacional N\u00ba 2. Situada en un entorno regional privilegiado, su colorido natural y sus extensiones productivas conforman uno de los atractivos tur\u00edsticos destacados dentro del corredor del R\u00edo Uruguay. Conformando<a class=\"moretag\" href=\"https:\/\/www.santaana.gob.ar\/home\/ciudad\/\"><span class=\"screen-reader-text\">Leer m\u00e1s sobre Ciudad<\/span>[&#8230;]<\/a><\/p>\n","protected":false},"author":1,"featured_media":0,"parent":0,"menu_order":3,"comment_status":"closed","ping_status":"closed","template":"","meta":{"footnotes":""},"class_list":["post-12","page","type-page","status-publish","hentry"],"_links":{"self":[{"href":"https:\/\/www.santaana.gob.ar\/home\/wp-json\/wp\/v2\/pages\/12","targetHints":{"allow":["GET"]}}],"collection":[{"href":"https:\/\/www.santaana.gob.ar\/home\/wp-json\/wp\/v2\/pages"}],"about":[{"href":"https:\/\/www.santaana.gob.ar\/home\/wp-json\/wp\/v2\/types\/page"}],"author":[{"embeddable":true,"href":"https:\/\/www.santaana.gob.ar\/home\/wp-json\/wp\/v2\/users\/1"}],"replies":[{"embeddable":true,"href":"https:\/\/www.santaana.gob.ar\/home\/wp-json\/wp\/v2\/comments?post=12"}],"version-history":[{"count":1,"href":"https:\/\/www.santaana.gob.ar\/home\/wp-json\/wp\/v2\/pages\/12\/revisions"}],"predecessor-version":[{"id":13,"href":"https:\/\/www.santaana.gob.ar\/home\/wp-json\/wp\/v2\/pages\/12\/revisions\/13"}],"wp:attachment":[{"href":"https:\/\/www.santaana.gob.ar\/home\/wp-json\/wp\/v2\/media?parent=12"}],"curies":[{"name":"wp","href":"https:\/\/api.w.org\/{rel}","templated":true}]}}